{"id":99,"date":"2023-05-17T11:34:11","date_gmt":"2023-05-17T11:34:11","guid":{"rendered":"https:\/\/veilles.nunyalab.tg\/?page_id=99"},"modified":"2023-08-09T11:48:33","modified_gmt":"2023-08-09T11:48:33","slug":"veille-en-transformation-numerique","status":"publish","type":"page","link":"https:\/\/veilles.nunyalab.tg\/?page_id=99","title":{"rendered":"Veille en Transformation Digitale"},"content":{"rendered":"\t\t<div data-elementor-type=\"wp-page\" data-elementor-id=\"99\" class=\"elementor elementor-99\">\n\t\t\t\t\t\t\t\t\t<section class=\"elementor-section elementor-top-section elementor-element elementor-element-1a9bd1d9 elementor-reverse-mobile elementor-section-boxed elementor-section-height-default elementor-section-height-default\" data-id=\"1a9bd1d9\" data-element_type=\"section\" data-settings=\"{&quot;background_background&quot;:&quot;classic&quot;}\">\n\t\t\t\t\t\t<div class=\"elementor-container elementor-column-gap-default\">\n\t\t\t\t\t<div class=\"elementor-column elementor-col-50 elementor-top-column elementor-element elementor-element-51fb3456\" data-id=\"51fb3456\" data-element_type=\"column\">\n\t\t\t<div class=\"elementor-widget-wrap elementor-element-populated\">\n\t\t\t\t\t\t\t\t<div class=\"elementor-element elementor-element-46925795 elementor-invisible elementor-widget elementor-widget-image\" data-id=\"46925795\" data-element_type=\"widget\" data-settings=\"{&quot;_animation&quot;:&quot;fadeIn&quot;}\" data-widget_type=\"image.default\">\n\t\t\t\t<div class=\"elementor-widget-container\">\n\t\t\t<style>\/*! elementor - v3.13.2 - 11-05-2023 *\/\n.elementor-widget-image{text-align:center}.elementor-widget-image a{display:inline-block}.elementor-widget-image a img[src$=\".svg\"]{width:48px}.elementor-widget-image img{vertical-align:middle;display:inline-block}<\/style>\t\t\t\t\t\t\t\t\t\t\t\t<img loading=\"lazy\" decoding=\"async\" width=\"608\" height=\"608\" src=\"https:\/\/veilles.nunyalab.tg\/wp-content\/uploads\/2023\/05\/pp.jpg\" class=\"attachment-full size-full wp-image-224\" alt=\"\" srcset=\"https:\/\/veilles.nunyalab.tg\/wp-content\/uploads\/2023\/05\/pp.jpg 608w, https:\/\/veilles.nunyalab.tg\/wp-content\/uploads\/2023\/05\/pp-300x300.jpg 300w, https:\/\/veilles.nunyalab.tg\/wp-content\/uploads\/2023\/05\/pp-150x150.jpg 150w\" sizes=\"auto, (max-width: 608px) 100vw, 608px\" \/>\t\t\t\t\t\t\t\t\t\t\t\t\t\t\t<\/div>\n\t\t\t\t<\/div>\n\t\t\t\t\t<\/div>\n\t\t<\/div>\n\t\t\t\t<div class=\"elementor-column elementor-col-50 elementor-top-column elementor-element elementor-element-21a5f863\" data-id=\"21a5f863\" data-element_type=\"column\" data-settings=\"{&quot;background_background&quot;:&quot;classic&quot;}\">\n\t\t\t<div class=\"elementor-widget-wrap elementor-element-populated\">\n\t\t\t\t\t\t\t\t<div class=\"elementor-element elementor-element-da166f7 elementor-widget elementor-widget-heading\" data-id=\"da166f7\" data-element_type=\"widget\" data-widget_type=\"heading.default\">\n\t\t\t\t<div class=\"elementor-widget-container\">\n\t\t\t<style>\/*! elementor - v3.13.2 - 11-05-2023 *\/\n.elementor-heading-title{padding:0;margin:0;line-height:1}.elementor-widget-heading .elementor-heading-title[class*=elementor-size-]>a{color:inherit;font-size:inherit;line-height:inherit}.elementor-widget-heading .elementor-heading-title.elementor-size-small{font-size:15px}.elementor-widget-heading .elementor-heading-title.elementor-size-medium{font-size:19px}.elementor-widget-heading .elementor-heading-title.elementor-size-large{font-size:29px}.elementor-widget-heading .elementor-heading-title.elementor-size-xl{font-size:39px}.elementor-widget-heading .elementor-heading-title.elementor-size-xxl{font-size:59px}<\/style><h2 class=\"elementor-heading-title elementor-size-default\">Veille en Transformation Digitale<\/h2>\t\t<\/div>\n\t\t\t\t<\/div>\n\t\t\t\t<div data-ep-wrapper-link=\"{&quot;url&quot;:&quot;https:\\\/\\\/docs.google.com\\\/forms\\\/d\\\/e\\\/1FAIpQLSfLaKXsKjkM_5UhYlc53GKL7T9e2nc7cMrhINCVB-I6Vy50Bw\\\/viewform&quot;,&quot;is_external&quot;:&quot;&quot;,&quot;nofollow&quot;:&quot;&quot;,&quot;custom_attributes&quot;:&quot;&quot;}\" style=\"cursor: pointer\" class=\"bdt-element-link elementor-element elementor-element-a64c8b0 elementor-hidden-desktop elementor-hidden-tablet elementor-widget elementor-widget-heading\" data-id=\"a64c8b0\" data-element_type=\"widget\" data-widget_type=\"heading.default\">\n\t\t\t\t<div class=\"elementor-widget-container\">\n\t\t\t<h2 class=\"elementor-heading-title elementor-size-default\">Prendre rendez-vous ici<\/h2>\t\t<\/div>\n\t\t\t\t<\/div>\n\t\t\t\t<div class=\"elementor-element elementor-element-0115c25 elementor-widget elementor-widget-heading\" data-id=\"0115c25\" data-element_type=\"widget\" data-widget_type=\"heading.default\">\n\t\t\t\t<div class=\"elementor-widget-container\">\n\t\t\t<h2 class=\"elementor-heading-title elementor-size-default\">Afin de rester comp\u00e9titif et d'adopter les avanc\u00e9es technologiques actuelles, il est crucial de surveiller r\u00e9guli\u00e8rement les \u00e9volutions li\u00e9es \u00e0 la transformation num\u00e9rique. Cette approche permet \u00e0 votre entreprise d'identifier les innovations pertinentes et de mettre en \u0153uvre des strat\u00e9gies efficaces pour les int\u00e9grer dans votre fonctionnement op\u00e9rationnel.<\/h2>\t\t<\/div>\n\t\t\t\t<\/div>\n\t\t\t\t<div class=\"elementor-element elementor-element-471c93cc elementor-widget elementor-widget-heading\" data-id=\"471c93cc\" data-element_type=\"widget\" data-widget_type=\"heading.default\">\n\t\t\t\t<div class=\"elementor-widget-container\">\n\t\t\t<h2 class=\"elementor-heading-title elementor-size-default\">M. Moussa NASSAKOU<\/h2>\t\t<\/div>\n\t\t\t\t<\/div>\n\t\t\t\t<div class=\"elementor-element elementor-element-73b19927 elementor-widget elementor-widget-text-editor\" data-id=\"73b19927\" data-element_type=\"widget\" data-widget_type=\"text-editor.default\">\n\t\t\t\t<div class=\"elementor-widget-container\">\n\t\t\t<style>\/*! elementor - v3.13.2 - 11-05-2023 *\/\n.elementor-widget-text-editor.elementor-drop-cap-view-stacked .elementor-drop-cap{background-color:#69727d;color:#fff}.elementor-widget-text-editor.elementor-drop-cap-view-framed .elementor-drop-cap{color:#69727d;border:3px solid;background-color:transparent}.elementor-widget-text-editor:not(.elementor-drop-cap-view-default) .elementor-drop-cap{margin-top:8px}.elementor-widget-text-editor:not(.elementor-drop-cap-view-default) .elementor-drop-cap-letter{width:1em;height:1em}.elementor-widget-text-editor .elementor-drop-cap{float:left;text-align:center;line-height:1;font-size:50px}.elementor-widget-text-editor .elementor-drop-cap-letter{display:inline-block}<\/style>\t\t\t\t<p>Sp\u00e9cialiste en transformation Digitale et CEO de Oneigo<\/p>\t\t\t\t\t\t<\/div>\n\t\t\t\t<\/div>\n\t\t\t\t\t<\/div>\n\t\t<\/div>\n\t\t\t\t\t\t\t<\/div>\n\t\t<\/section>\n\t\t\t\t<section class=\"elementor-section elementor-top-section elementor-element elementor-element-37faf582 elementor-section-boxed elementor-section-height-default elementor-section-height-default\" data-id=\"37faf582\" data-element_type=\"section\">\n\t\t\t\t\t\t<div class=\"elementor-container elementor-column-gap-default\">\n\t\t\t\t\t<div class=\"elementor-column elementor-col-100 elementor-top-column elementor-element elementor-element-3a13e6ce\" data-id=\"3a13e6ce\" data-element_type=\"column\" data-settings=\"{&quot;background_background&quot;:&quot;classic&quot;}\">\n\t\t\t<div class=\"elementor-widget-wrap elementor-element-populated\">\n\t\t\t\t\t\t\t\t<div class=\"elementor-element elementor-element-5bad4f2b elementor-widget elementor-widget-heading\" data-id=\"5bad4f2b\" data-element_type=\"widget\" data-widget_type=\"heading.default\">\n\t\t\t\t<div class=\"elementor-widget-container\">\n\t\t\t<h2 class=\"elementor-heading-title elementor-size-default\">Biographie<\/h2>\t\t<\/div>\n\t\t\t\t<\/div>\n\t\t\t\t<div class=\"elementor-element elementor-element-72dcaf2 elementor-widget elementor-widget-text-editor\" data-id=\"72dcaf2\" data-element_type=\"widget\" data-widget_type=\"text-editor.default\">\n\t\t\t\t<div class=\"elementor-widget-container\">\n\t\t\t\t\t\t\t<p>Monsieur Moussa NASSAKOU occupe le poste de Consultant d\u00e9di\u00e9 aux innovations num\u00e9riques et \u00e0 la transformation digitale au sein de Nunyalab. Son parcours est marqu\u00e9 par une exp\u00e9rience solide aupr\u00e8s d&rsquo;une dizaine de startups et la consultation de nombreuses id\u00e9es de projets dans le domaine num\u00e9rique.Gr\u00e2ce \u00e0 son expertise pointue en mati\u00e8re de transformation digitale, il se d\u00e9marque dans des secteurs tels que l&rsquo;intelligence artificielle, l&rsquo;e-commerce, la fintech, le web et le design.<\/p><p>Parmi ses accomplissements remarquables, nous retrouvons Storchat, une plateforme novatrice, faisant office de premier r\u00e9seau social dot\u00e9 d&rsquo;une intelligence artificielle.<\/p><p>Profitez de l&rsquo;occasion en prenant rendez-vous avec Monsieur M. NASSAKOU, et ce, gratuitement, afin de b\u00e9n\u00e9ficier de ses conseils avis\u00e9s pour mener \u00e0 bien votre propre transformation num\u00e9rique.<\/p>\t\t\t\t\t\t<\/div>\n\t\t\t\t<\/div>\n\t\t\t\t\t<\/div>\n\t\t<\/div>\n\t\t\t\t\t\t\t<\/div>\n\t\t<\/section>\n\t\t\t\t<div class=\"elementor-section elementor-top-section elementor-element elementor-element-8f4ddbf elementor-section-boxed elementor-section-height-default elementor-section-height-default\" data-id=\"8f4ddbf\" data-element_type=\"section\" data-settings=\"{&quot;background_background&quot;:&quot;classic&quot;}\">\n\t\t\t\t\t\t<div class=\"elementor-container elementor-column-gap-default\">\n\t\t\t\t\t<div class=\"elementor-column elementor-col-50 elementor-top-column elementor-element elementor-element-f849f85\" data-id=\"f849f85\" data-element_type=\"column\">\n\t\t\t<div class=\"elementor-widget-wrap elementor-element-populated\">\n\t\t\t\t\t\t\t\t<div class=\"elementor-element elementor-element-401ccc6 elementor-widget__width-initial elementor-widget elementor-widget-heading\" data-id=\"401ccc6\" data-element_type=\"widget\" data-widget_type=\"heading.default\">\n\t\t\t\t<div class=\"elementor-widget-container\">\n\t\t\t<h2 class=\"elementor-heading-title elementor-size-default\">Prendre rendez-vous<\/h2>\t\t<\/div>\n\t\t\t\t<\/div>\n\t\t\t\t\t<\/div>\n\t\t<\/div>\n\t\t\t\t<div data-ep-wrapper-link=\"{&quot;url&quot;:&quot;https:\\\/\\\/docs.google.com\\\/forms\\\/d\\\/e\\\/1FAIpQLSfLaKXsKjkM_5UhYlc53GKL7T9e2nc7cMrhINCVB-I6Vy50Bw\\\/viewform&quot;,&quot;is_external&quot;:&quot;&quot;,&quot;nofollow&quot;:&quot;&quot;,&quot;custom_attributes&quot;:&quot;&quot;}\" style=\"cursor: pointer\" class=\"bdt-element-link elementor-column elementor-col-50 elementor-top-column elementor-element elementor-element-60c025b\" data-id=\"60c025b\" data-element_type=\"column\" data-settings=\"{&quot;background_background&quot;:&quot;classic&quot;}\">\n\t\t\t<div class=\"elementor-widget-wrap elementor-element-populated\">\n\t\t\t\t\t\t\t\t<div data-ep-wrapper-link=\"{&quot;url&quot;:&quot;https:\\\/\\\/docs.google.com\\\/forms\\\/d\\\/e\\\/1FAIpQLSfLaKXsKjkM_5UhYlc53GKL7T9e2nc7cMrhINCVB-I6Vy50Bw\\\/viewform&quot;,&quot;is_external&quot;:&quot;&quot;,&quot;nofollow&quot;:&quot;&quot;,&quot;custom_attributes&quot;:&quot;&quot;}\" style=\"cursor: pointer\" class=\"bdt-element-link elementor-element elementor-element-60574e8 elementor-widget elementor-widget-heading\" data-id=\"60574e8\" data-element_type=\"widget\" data-widget_type=\"heading.default\">\n\t\t\t\t<div class=\"elementor-widget-container\">\n\t\t\t<h2 class=\"elementor-heading-title elementor-size-default\">ICI<\/h2>\t\t<\/div>\n\t\t\t\t<\/div>\n\t\t\t\t\t<\/div>\n\t\t<\/div>\n\t\t\t\t\t\t\t<\/div>\n\t\t<\/div>\n\t\t\t\t\t\t\t<\/div>\n\t\t","protected":false},"excerpt":{"rendered":"<p>Veille en Transformation Digitale Prendre rendez-vous ici Afin de rester comp\u00e9titif et d&rsquo;adopter les avanc\u00e9es technologiques actuelles, il est crucial de surveiller [&hellip;]<\/p>\n","protected":false},"author":1,"featured_media":0,"parent":0,"menu_order":0,"comment_status":"closed","ping_status":"closed","template":"","meta":{"footnotes":""},"class_list":["post-99","page","type-page","status-publish","hentry"],"_links":{"self":[{"href":"https:\/\/veilles.nunyalab.tg\/index.php?rest_route=\/wp\/v2\/pages\/99","targetHints":{"allow":["GET"]}}],"collection":[{"href":"https:\/\/veilles.nunyalab.tg\/index.php?rest_route=\/wp\/v2\/pages"}],"about":[{"href":"https:\/\/veilles.nunyalab.tg\/index.php?rest_route=\/wp\/v2\/types\/page"}],"author":[{"embeddable":true,"href":"https:\/\/veilles.nunyalab.tg\/index.php?rest_route=\/wp\/v2\/users\/1"}],"replies":[{"embeddable":true,"href":"https:\/\/veilles.nunyalab.tg\/index.php?rest_route=%2Fwp%2Fv2%2Fcomments&post=99"}],"version-history":[{"count":71,"href":"https:\/\/veilles.nunyalab.tg\/index.php?rest_route=\/wp\/v2\/pages\/99\/revisions"}],"predecessor-version":[{"id":660,"href":"https:\/\/veilles.nunyalab.tg\/index.php?rest_route=\/wp\/v2\/pages\/99\/revisions\/660"}],"wp:attachment":[{"href":"https:\/\/veilles.nunyalab.tg\/index.php?rest_route=%2Fwp%2Fv2%2Fmedia&parent=99"}],"curies":[{"name":"wp","href":"https:\/\/api.w.org\/{rel}","templated":true}]}}