{"id":94,"date":"2023-05-17T11:06:04","date_gmt":"2023-05-17T11:06:04","guid":{"rendered":"https:\/\/veilles.nunyalab.tg\/?page_id=94"},"modified":"2023-08-07T19:41:04","modified_gmt":"2023-08-07T19:41:04","slug":"veille-fiscale-comptable","status":"publish","type":"page","link":"https:\/\/veilles.nunyalab.tg\/?page_id=94","title":{"rendered":"Veille Fiscale &amp; Comptable"},"content":{"rendered":"\t\t<div data-elementor-type=\"wp-page\" data-elementor-id=\"94\" class=\"elementor elementor-94\">\n\t\t\t\t\t\t\t\t\t<section class=\"elementor-section elementor-top-section elementor-element elementor-element-6843322 elementor-reverse-mobile elementor-section-boxed elementor-section-height-default elementor-section-height-default\" data-id=\"6843322\" data-element_type=\"section\" data-settings=\"{&quot;background_background&quot;:&quot;classic&quot;}\">\n\t\t\t\t\t\t<div class=\"elementor-container elementor-column-gap-default\">\n\t\t\t\t\t<div class=\"elementor-column elementor-col-50 elementor-top-column elementor-element elementor-element-2033c019\" data-id=\"2033c019\" data-element_type=\"column\">\n\t\t\t<div class=\"elementor-widget-wrap elementor-element-populated\">\n\t\t\t\t\t\t\t\t<div class=\"elementor-element elementor-element-2d496af2 elementor-invisible elementor-widget elementor-widget-image\" data-id=\"2d496af2\" data-element_type=\"widget\" data-settings=\"{&quot;_animation&quot;:&quot;fadeIn&quot;}\" data-widget_type=\"image.default\">\n\t\t\t\t<div class=\"elementor-widget-container\">\n\t\t\t<style>\/*! elementor - v3.13.2 - 11-05-2023 *\/\n.elementor-widget-image{text-align:center}.elementor-widget-image a{display:inline-block}.elementor-widget-image a img[src$=\".svg\"]{width:48px}.elementor-widget-image img{vertical-align:middle;display:inline-block}<\/style>\t\t\t\t\t\t\t\t\t\t\t\t<img loading=\"lazy\" decoding=\"async\" width=\"608\" height=\"608\" src=\"https:\/\/veilles.nunyalab.tg\/wp-content\/uploads\/2023\/05\/Essenam-1.jpg\" class=\"attachment-full size-full wp-image-353\" alt=\"\" srcset=\"https:\/\/veilles.nunyalab.tg\/wp-content\/uploads\/2023\/05\/Essenam-1.jpg 608w, https:\/\/veilles.nunyalab.tg\/wp-content\/uploads\/2023\/05\/Essenam-1-300x300.jpg 300w, https:\/\/veilles.nunyalab.tg\/wp-content\/uploads\/2023\/05\/Essenam-1-150x150.jpg 150w\" sizes=\"auto, (max-width: 608px) 100vw, 608px\" \/>\t\t\t\t\t\t\t\t\t\t\t\t\t\t\t<\/div>\n\t\t\t\t<\/div>\n\t\t\t\t\t<\/div>\n\t\t<\/div>\n\t\t\t\t<div class=\"elementor-column elementor-col-50 elementor-top-column elementor-element elementor-element-53664f96\" data-id=\"53664f96\" data-element_type=\"column\" data-settings=\"{&quot;background_background&quot;:&quot;classic&quot;}\">\n\t\t\t<div class=\"elementor-widget-wrap elementor-element-populated\">\n\t\t\t\t\t\t\t\t<div class=\"elementor-element elementor-element-84cf6cc elementor-widget elementor-widget-heading\" data-id=\"84cf6cc\" data-element_type=\"widget\" data-widget_type=\"heading.default\">\n\t\t\t\t<div class=\"elementor-widget-container\">\n\t\t\t<style>\/*! elementor - v3.13.2 - 11-05-2023 *\/\n.elementor-heading-title{padding:0;margin:0;line-height:1}.elementor-widget-heading .elementor-heading-title[class*=elementor-size-]>a{color:inherit;font-size:inherit;line-height:inherit}.elementor-widget-heading .elementor-heading-title.elementor-size-small{font-size:15px}.elementor-widget-heading .elementor-heading-title.elementor-size-medium{font-size:19px}.elementor-widget-heading .elementor-heading-title.elementor-size-large{font-size:29px}.elementor-widget-heading .elementor-heading-title.elementor-size-xl{font-size:39px}.elementor-widget-heading .elementor-heading-title.elementor-size-xxl{font-size:59px}<\/style><h2 class=\"elementor-heading-title elementor-size-default\">Veille Fiscale & Comptable<\/h2>\t\t<\/div>\n\t\t\t\t<\/div>\n\t\t\t\t<div data-ep-wrapper-link=\"{&quot;url&quot;:&quot;https:\\\/\\\/docs.google.com\\\/forms\\\/d\\\/e\\\/1FAIpQLSfZ8oF2RazbPeEYuSXXQhqqQD3XIn94lInWtYLaonX5mYUpbA\\\/viewform&quot;,&quot;is_external&quot;:&quot;&quot;,&quot;nofollow&quot;:&quot;&quot;,&quot;custom_attributes&quot;:&quot;&quot;}\" style=\"cursor: pointer\" class=\"bdt-element-link elementor-element elementor-element-ca81c90 elementor-hidden-desktop elementor-hidden-tablet elementor-widget elementor-widget-heading\" data-id=\"ca81c90\" data-element_type=\"widget\" data-widget_type=\"heading.default\">\n\t\t\t\t<div class=\"elementor-widget-container\">\n\t\t\t<h2 class=\"elementor-heading-title elementor-size-default\">Prendre rendez-vous ici<\/h2>\t\t<\/div>\n\t\t\t\t<\/div>\n\t\t\t\t<div class=\"elementor-element elementor-element-c24cb04 elementor-widget elementor-widget-heading\" data-id=\"c24cb04\" data-element_type=\"widget\" data-widget_type=\"heading.default\">\n\t\t\t\t<div class=\"elementor-widget-container\">\n\t\t\t<h2 class=\"elementor-heading-title elementor-size-default\">Pour maintenir la sant\u00e9 financi\u00e8re de votre entreprise et identifier les opportunit\u00e9s de croissance.<\/h2>\t\t<\/div>\n\t\t\t\t<\/div>\n\t\t\t\t<div class=\"elementor-element elementor-element-4bc31794 elementor-widget elementor-widget-heading\" data-id=\"4bc31794\" data-element_type=\"widget\" data-widget_type=\"heading.default\">\n\t\t\t\t<div class=\"elementor-widget-container\">\n\t\t\t<h2 class=\"elementor-heading-title elementor-size-default\">Mme Rosine DAIDE<\/h2>\t\t<\/div>\n\t\t\t\t<\/div>\n\t\t\t\t<div class=\"elementor-element elementor-element-7ea81e19 elementor-widget elementor-widget-text-editor\" data-id=\"7ea81e19\" data-element_type=\"widget\" data-widget_type=\"text-editor.default\">\n\t\t\t\t<div class=\"elementor-widget-container\">\n\t\t\t<style>\/*! elementor - v3.13.2 - 11-05-2023 *\/\n.elementor-widget-text-editor.elementor-drop-cap-view-stacked .elementor-drop-cap{background-color:#69727d;color:#fff}.elementor-widget-text-editor.elementor-drop-cap-view-framed .elementor-drop-cap{color:#69727d;border:3px solid;background-color:transparent}.elementor-widget-text-editor:not(.elementor-drop-cap-view-default) .elementor-drop-cap{margin-top:8px}.elementor-widget-text-editor:not(.elementor-drop-cap-view-default) .elementor-drop-cap-letter{width:1em;height:1em}.elementor-widget-text-editor .elementor-drop-cap{float:left;text-align:center;line-height:1;font-size:50px}.elementor-widget-text-editor .elementor-drop-cap-letter{display:inline-block}<\/style>\t\t\t\t<p>Analyste financi\u00e8re<\/p>\t\t\t\t\t\t<\/div>\n\t\t\t\t<\/div>\n\t\t\t\t\t<\/div>\n\t\t<\/div>\n\t\t\t\t\t\t\t<\/div>\n\t\t<\/section>\n\t\t\t\t<section class=\"elementor-section elementor-top-section elementor-element elementor-element-24eff171 elementor-section-boxed elementor-section-height-default elementor-section-height-default\" data-id=\"24eff171\" data-element_type=\"section\">\n\t\t\t\t\t\t<div class=\"elementor-container elementor-column-gap-default\">\n\t\t\t\t\t<div class=\"elementor-column elementor-col-100 elementor-top-column elementor-element elementor-element-c72f086\" data-id=\"c72f086\" data-element_type=\"column\" data-settings=\"{&quot;background_background&quot;:&quot;classic&quot;}\">\n\t\t\t<div class=\"elementor-widget-wrap elementor-element-populated\">\n\t\t\t\t\t\t\t\t<div class=\"elementor-element elementor-element-59427071 elementor-widget elementor-widget-heading\" data-id=\"59427071\" data-element_type=\"widget\" data-widget_type=\"heading.default\">\n\t\t\t\t<div class=\"elementor-widget-container\">\n\t\t\t<h2 class=\"elementor-heading-title elementor-size-default\">Biographie<\/h2>\t\t<\/div>\n\t\t\t\t<\/div>\n\t\t\t\t<div class=\"elementor-element elementor-element-687d8fdb elementor-widget elementor-widget-text-editor\" data-id=\"687d8fdb\" data-element_type=\"widget\" data-widget_type=\"text-editor.default\">\n\t\t\t\t<div class=\"elementor-widget-container\">\n\t\t\t\t\t\t\t<p>Charg\u00e9e d\u2019analyse financi\u00e8re et de la Comptabilit\u00e9 actuelle du NUNYA LAB avec\u00a0<strong>05 ans d\u2019exp\u00e9riences cumul\u00e9es en comptabilit\u00e9, gestion de client\u00e8le, risque et cr\u00e9dit, finances,<\/strong>\u00a0Mme Rosine DAIDE a acquis de solides exp\u00e9riences en travaillant pour des banques et entreprises ; ce qui lui a permis de ma\u00eetriser une vari\u00e9t\u00e9 de comp\u00e9tences techniques et analytiques dans son domaine.<\/p><p><strong>Mme Rosine DAIDE reste un atout pr\u00e9cieux pour toute entreprise ou entrepreneur<\/strong>\u00a0cherchant \u00e0 optimiser sa gestion, ses pr\u00e9visions et performances financi\u00e8res.<\/p><p>Pour r\u00e9pondre \u00e0 vos d\u00e9fis en finance, comptabilit\u00e9,\u00a0<strong>prenez RENDEZ-VOUS<\/strong>\u00a0pour rencontrer gratuitement Mme Rosine DAIDE.<\/p>\t\t\t\t\t\t<\/div>\n\t\t\t\t<\/div>\n\t\t\t\t\t<\/div>\n\t\t<\/div>\n\t\t\t\t\t\t\t<\/div>\n\t\t<\/section>\n\t\t\t\t<div class=\"elementor-section elementor-top-section elementor-element elementor-element-17a18a5 elementor-section-boxed elementor-section-height-default elementor-section-height-default\" data-id=\"17a18a5\" data-element_type=\"section\" data-settings=\"{&quot;background_background&quot;:&quot;classic&quot;}\">\n\t\t\t\t\t\t<div class=\"elementor-container elementor-column-gap-default\">\n\t\t\t\t\t<div class=\"elementor-column elementor-col-50 elementor-top-column elementor-element elementor-element-1c414f7\" data-id=\"1c414f7\" data-element_type=\"column\">\n\t\t\t<div class=\"elementor-widget-wrap elementor-element-populated\">\n\t\t\t\t\t\t\t\t<div class=\"elementor-element elementor-element-5ff45aa elementor-widget__width-initial elementor-widget elementor-widget-heading\" data-id=\"5ff45aa\" data-element_type=\"widget\" data-widget_type=\"heading.default\">\n\t\t\t\t<div class=\"elementor-widget-container\">\n\t\t\t<h2 class=\"elementor-heading-title elementor-size-default\">Prendre rendez-vous<\/h2>\t\t<\/div>\n\t\t\t\t<\/div>\n\t\t\t\t\t<\/div>\n\t\t<\/div>\n\t\t\t\t<div data-ep-wrapper-link=\"{&quot;url&quot;:&quot;https:\\\/\\\/docs.google.com\\\/forms\\\/d\\\/e\\\/1FAIpQLSfZ8oF2RazbPeEYuSXXQhqqQD3XIn94lInWtYLaonX5mYUpbA\\\/viewform&quot;,&quot;is_external&quot;:&quot;&quot;,&quot;nofollow&quot;:&quot;&quot;,&quot;custom_attributes&quot;:&quot;&quot;}\" style=\"cursor: pointer\" class=\"bdt-element-link elementor-column elementor-col-50 elementor-top-column elementor-element elementor-element-19ca6ab\" data-id=\"19ca6ab\" data-element_type=\"column\" data-settings=\"{&quot;background_background&quot;:&quot;classic&quot;}\">\n\t\t\t<div class=\"elementor-widget-wrap elementor-element-populated\">\n\t\t\t\t\t\t\t\t<div class=\"elementor-element elementor-element-55260f4 elementor-widget elementor-widget-heading\" data-id=\"55260f4\" data-element_type=\"widget\" data-widget_type=\"heading.default\">\n\t\t\t\t<div class=\"elementor-widget-container\">\n\t\t\t<h2 class=\"elementor-heading-title elementor-size-default\">ICI<\/h2>\t\t<\/div>\n\t\t\t\t<\/div>\n\t\t\t\t\t<\/div>\n\t\t<\/div>\n\t\t\t\t\t\t\t<\/div>\n\t\t<\/div>\n\t\t\t\t\t\t\t<\/div>\n\t\t","protected":false},"excerpt":{"rendered":"<p>Veille Fiscale &#038; Comptable Prendre rendez-vous ici Pour maintenir la sant\u00e9 financi\u00e8re de votre entreprise et identifier les opportunit\u00e9s de croissance. Mme [&hellip;]<\/p>\n","protected":false},"author":1,"featured_media":0,"parent":0,"menu_order":0,"comment_status":"closed","ping_status":"closed","template":"","meta":{"footnotes":""},"class_list":["post-94","page","type-page","status-publish","hentry"],"_links":{"self":[{"href":"https:\/\/veilles.nunyalab.tg\/index.php?rest_route=\/wp\/v2\/pages\/94","targetHints":{"allow":["GET"]}}],"collection":[{"href":"https:\/\/veilles.nunyalab.tg\/index.php?rest_route=\/wp\/v2\/pages"}],"about":[{"href":"https:\/\/veilles.nunyalab.tg\/index.php?rest_route=\/wp\/v2\/types\/page"}],"author":[{"embeddable":true,"href":"https:\/\/veilles.nunyalab.tg\/index.php?rest_route=\/wp\/v2\/users\/1"}],"replies":[{"embeddable":true,"href":"https:\/\/veilles.nunyalab.tg\/index.php?rest_route=%2Fwp%2Fv2%2Fcomments&post=94"}],"version-history":[{"count":31,"href":"https:\/\/veilles.nunyalab.tg\/index.php?rest_route=\/wp\/v2\/pages\/94\/revisions"}],"predecessor-version":[{"id":647,"href":"https:\/\/veilles.nunyalab.tg\/index.php?rest_route=\/wp\/v2\/pages\/94\/revisions\/647"}],"wp:attachment":[{"href":"https:\/\/veilles.nunyalab.tg\/index.php?rest_route=%2Fwp%2Fv2%2Fmedia&parent=94"}],"curies":[{"name":"wp","href":"https:\/\/api.w.org\/{rel}","templated":true}]}}