{"id":27,"date":"2021-03-26T09:26:35","date_gmt":"2021-03-26T09:26:35","guid":{"rendered":"https:\/\/veilles.nunyalab.tg\/?page_id=27"},"modified":"2023-08-09T11:34:01","modified_gmt":"2023-08-09T11:34:01","slug":"veilles-nunyalab","status":"publish","type":"page","link":"https:\/\/veilles.nunyalab.tg\/","title":{"rendered":"Veilles NunyaLab"},"content":{"rendered":"\t\t<div data-elementor-type=\"wp-page\" data-elementor-id=\"27\" class=\"elementor elementor-27\">\n\t\t\t\t\t\t\t\t\t<div class=\"elementor-section elementor-top-section elementor-element elementor-element-73588ae0 elementor-section-boxed elementor-section-height-default elementor-section-height-default\" data-id=\"73588ae0\" data-element_type=\"section\" data-settings=\"{&quot;background_background&quot;:&quot;classic&quot;}\">\n\t\t\t\t\t\t<div class=\"elementor-container elementor-column-gap-no\">\n\t\t\t\t\t<div class=\"elementor-column elementor-col-100 elementor-top-column elementor-element elementor-element-2ebd7a67\" data-id=\"2ebd7a67\" data-element_type=\"column\">\n\t\t\t<div class=\"elementor-widget-wrap elementor-element-populated\">\n\t\t\t\t\t\t\t\t<div class=\"elementor-element elementor-element-5b52984d elementor-widget-mobile__width-inherit elementor-widget elementor-widget-heading\" data-id=\"5b52984d\" data-element_type=\"widget\" data-widget_type=\"heading.default\">\n\t\t\t\t<div class=\"elementor-widget-container\">\n\t\t\t<style>\/*! elementor - v3.13.2 - 11-05-2023 *\/\n.elementor-heading-title{padding:0;margin:0;line-height:1}.elementor-widget-heading .elementor-heading-title[class*=elementor-size-]>a{color:inherit;font-size:inherit;line-height:inherit}.elementor-widget-heading .elementor-heading-title.elementor-size-small{font-size:15px}.elementor-widget-heading .elementor-heading-title.elementor-size-medium{font-size:19px}.elementor-widget-heading .elementor-heading-title.elementor-size-large{font-size:29px}.elementor-widget-heading .elementor-heading-title.elementor-size-xl{font-size:39px}.elementor-widget-heading .elementor-heading-title.elementor-size-xxl{font-size:59px}<\/style><h2 class=\"elementor-heading-title elementor-size-default\">Prenez rendez vous <\/h2>\t\t<\/div>\n\t\t\t\t<\/div>\n\t\t\t\t<div class=\"elementor-section elementor-inner-section elementor-element elementor-element-4f2e657 elementor-section-boxed elementor-section-height-default elementor-section-height-default\" data-id=\"4f2e657\" data-element_type=\"section\">\n\t\t\t\t\t\t<div class=\"elementor-container elementor-column-gap-default\">\n\t\t\t\t\t<div class=\"elementor-column elementor-col-25 elementor-inner-column elementor-element elementor-element-71ed6a9e\" data-id=\"71ed6a9e\" data-element_type=\"column\">\n\t\t\t<div class=\"elementor-widget-wrap elementor-element-populated\">\n\t\t\t\t\t\t\t\t<div data-ep-wrapper-link=\"{&quot;url&quot;:&quot;https:\\\/\\\/veilles.nunyalab.tg\\\/?page_id=92&quot;,&quot;is_external&quot;:&quot;&quot;,&quot;nofollow&quot;:&quot;&quot;,&quot;custom_attributes&quot;:&quot;&quot;}\" style=\"cursor: pointer\" class=\"bdt-element-link elementor-element elementor-element-4831e83 elementor-widget elementor-widget-bdt-member\" data-id=\"4831e83\" data-element_type=\"widget\" data-widget_type=\"bdt-member.default\">\n\t\t\t\t<div class=\"elementor-widget-container\">\n\t\t\t\n        <div class=\"bdt-member skin-default bdt-transition-toggle\">\n            \n                <div class=\"bdt-member-photo-wrapper bdt-image-mask\">\n\n                    \n                        <div class=\"bdt-member-photo\">\n                            <div class=\"\">\n\n                                <img loading=\"lazy\" decoding=\"async\" width=\"608\" height=\"608\" src=\"https:\/\/veilles.nunyalab.tg\/wp-content\/uploads\/2023\/05\/ND.jpg\" class=\"attachment- size-\" alt=\"Veille Juridique\" srcset=\"https:\/\/veilles.nunyalab.tg\/wp-content\/uploads\/2023\/05\/ND.jpg 608w, https:\/\/veilles.nunyalab.tg\/wp-content\/uploads\/2023\/05\/ND-300x300.jpg 300w, https:\/\/veilles.nunyalab.tg\/wp-content\/uploads\/2023\/05\/ND-150x150.jpg 150w\" sizes=\"auto, (max-width: 608px) 100vw, 608px\" \/>                                \n                            <\/div>\n                        <\/div>\n\n                        \n                <\/div>\n            \n            <div class=\"bdt-member-content\">\n                                    <span class=\"bdt-member-name\">Veille Juridique<\/span>\n                                                    <span class=\"bdt-member-role\">Nadia ANWONE<\/span>\n                                            <\/div>\n\n                            <div class=\"bdt-member-icons\">\n                    \n                        \n                        <a href=\"https:\/\/www.linkedin.com\/in\/nadiaanwone\/\"\n                           class=\"bdt-member-icon elementor-repeater-item-4391b1c\"\n                           target=\"_blank\" data-bdt-tooltip=\"\">\n\n                            <i aria-hidden=\"true\" class=\"fa-fw fab fa-linkedin-in\"><\/i>\n                        <\/a>\n\n                                    <\/div>\n            \n        <\/div>\n        \t\t<\/div>\n\t\t\t\t<\/div>\n\t\t\t\t\t<\/div>\n\t\t<\/div>\n\t\t\t\t<div class=\"elementor-column elementor-col-25 elementor-inner-column elementor-element elementor-element-cc0a268\" data-id=\"cc0a268\" data-element_type=\"column\">\n\t\t\t<div class=\"elementor-widget-wrap elementor-element-populated\">\n\t\t\t\t\t\t\t\t<div data-ep-wrapper-link=\"{&quot;url&quot;:&quot;https:\\\/\\\/veilles.nunyalab.tg\\\/?page_id=94&quot;,&quot;is_external&quot;:&quot;&quot;,&quot;nofollow&quot;:&quot;&quot;,&quot;custom_attributes&quot;:&quot;&quot;}\" style=\"cursor: pointer\" class=\"bdt-element-link elementor-element elementor-element-12967f2 elementor-widget elementor-widget-bdt-member\" data-id=\"12967f2\" data-element_type=\"widget\" data-widget_type=\"bdt-member.default\">\n\t\t\t\t<div class=\"elementor-widget-container\">\n\t\t\t\n        <div class=\"bdt-member skin-default bdt-transition-toggle\">\n            \n                <div class=\"bdt-member-photo-wrapper bdt-image-mask\">\n\n                    \n                        <div class=\"bdt-member-photo\">\n                            <div class=\"\">\n\n                                <img loading=\"lazy\" decoding=\"async\" width=\"608\" height=\"608\" src=\"https:\/\/veilles.nunyalab.tg\/wp-content\/uploads\/2023\/05\/Essenam.jpg\" class=\"attachment- size-\" alt=\"Veille Fiscale &amp; Comptable\" srcset=\"https:\/\/veilles.nunyalab.tg\/wp-content\/uploads\/2023\/05\/Essenam.jpg 608w, https:\/\/veilles.nunyalab.tg\/wp-content\/uploads\/2023\/05\/Essenam-300x300.jpg 300w, https:\/\/veilles.nunyalab.tg\/wp-content\/uploads\/2023\/05\/Essenam-150x150.jpg 150w\" sizes=\"auto, (max-width: 608px) 100vw, 608px\" \/>                                \n                            <\/div>\n                        <\/div>\n\n                        \n                <\/div>\n            \n            <div class=\"bdt-member-content\">\n                                    <span class=\"bdt-member-name\">Veille Fiscale &amp; Comptable<\/span>\n                                                    <span class=\"bdt-member-role\">Rosine DAIDE<\/span>\n                                            <\/div>\n\n                            <div class=\"bdt-member-icons\">\n                    \n                        \n                        <a href=\"https:\/\/www.linkedin.com\/in\/rosine-daide-7021b0217\/\"\n                           class=\"bdt-member-icon elementor-repeater-item-4391b1c\"\n                           target=\"_blank\" data-bdt-tooltip=\"\">\n\n                            <i aria-hidden=\"true\" class=\"fa-fw fab fa-linkedin-in\"><\/i>\n                        <\/a>\n\n                                    <\/div>\n            \n        <\/div>\n        \t\t<\/div>\n\t\t\t\t<\/div>\n\t\t\t\t\t<\/div>\n\t\t<\/div>\n\t\t\t\t<div class=\"elementor-column elementor-col-25 elementor-inner-column elementor-element elementor-element-2170ddad\" data-id=\"2170ddad\" data-element_type=\"column\">\n\t\t\t<div class=\"elementor-widget-wrap elementor-element-populated\">\n\t\t\t\t\t\t\t\t<div data-ep-wrapper-link=\"{&quot;url&quot;:&quot;https:\\\/\\\/veilles.nunyalab.tg\\\/?page_id=96&quot;,&quot;is_external&quot;:&quot;&quot;,&quot;nofollow&quot;:&quot;&quot;,&quot;custom_attributes&quot;:&quot;&quot;}\" style=\"cursor: pointer\" class=\"bdt-element-link elementor-element elementor-element-38cb3ff elementor-widget elementor-widget-bdt-member\" data-id=\"38cb3ff\" data-element_type=\"widget\" data-widget_type=\"bdt-member.default\">\n\t\t\t\t<div class=\"elementor-widget-container\">\n\t\t\t\n        <div class=\"bdt-member skin-default bdt-transition-toggle\">\n            \n                <div class=\"bdt-member-photo-wrapper bdt-image-mask\">\n\n                    \n                        <div class=\"bdt-member-photo\">\n                            <div class=\"\">\n\n                                <img loading=\"lazy\" decoding=\"async\" width=\"608\" height=\"608\" src=\"https:\/\/veilles.nunyalab.tg\/wp-content\/uploads\/2023\/05\/jc-1.jpg\" class=\"attachment- size-\" alt=\"Veille en Branding et Communication\" srcset=\"https:\/\/veilles.nunyalab.tg\/wp-content\/uploads\/2023\/05\/jc-1.jpg 608w, https:\/\/veilles.nunyalab.tg\/wp-content\/uploads\/2023\/05\/jc-1-300x300.jpg 300w, https:\/\/veilles.nunyalab.tg\/wp-content\/uploads\/2023\/05\/jc-1-150x150.jpg 150w\" sizes=\"auto, (max-width: 608px) 100vw, 608px\" \/>                                \n                            <\/div>\n                        <\/div>\n\n                        \n                <\/div>\n            \n            <div class=\"bdt-member-content\">\n                                    <span class=\"bdt-member-name\">Veille en Branding et Communication<\/span>\n                                                    <span class=\"bdt-member-role\">Amaltcheero JC<\/span>\n                                            <\/div>\n\n                            <div class=\"bdt-member-icons\">\n                    \n                        \n                        <a href=\"https:\/\/www.linkedin.com\/in\/amaltcheerojc\/\"\n                           class=\"bdt-member-icon elementor-repeater-item-4391b1c\"\n                           target=\"_blank\" data-bdt-tooltip=\"\">\n\n                            <i aria-hidden=\"true\" class=\"fa-fw fab fa-linkedin-in\"><\/i>\n                        <\/a>\n\n                                    <\/div>\n            \n        <\/div>\n        \t\t<\/div>\n\t\t\t\t<\/div>\n\t\t\t\t\t<\/div>\n\t\t<\/div>\n\t\t\t\t<div class=\"elementor-column elementor-col-25 elementor-inner-column elementor-element elementor-element-58d453f4\" data-id=\"58d453f4\" data-element_type=\"column\">\n\t\t\t<div class=\"elementor-widget-wrap elementor-element-populated\">\n\t\t\t\t\t\t\t\t<div data-ep-wrapper-link=\"{&quot;url&quot;:&quot;https:\\\/\\\/veilles.nunyalab.tg\\\/?page_id=99&quot;,&quot;is_external&quot;:&quot;&quot;,&quot;nofollow&quot;:&quot;&quot;,&quot;custom_attributes&quot;:&quot;&quot;}\" style=\"cursor: pointer\" class=\"bdt-element-link elementor-element elementor-element-f7acf35 elementor-widget elementor-widget-bdt-member\" data-id=\"f7acf35\" data-element_type=\"widget\" data-widget_type=\"bdt-member.default\">\n\t\t\t\t<div class=\"elementor-widget-container\">\n\t\t\t\n        <div class=\"bdt-member skin-default bdt-transition-toggle\">\n            \n                <div class=\"bdt-member-photo-wrapper bdt-image-mask\">\n\n                    \n                        <div class=\"bdt-member-photo\">\n                            <div class=\"\">\n\n                                <img loading=\"lazy\" decoding=\"async\" width=\"608\" height=\"608\" src=\"https:\/\/veilles.nunyalab.tg\/wp-content\/uploads\/2023\/05\/pp.jpg\" class=\"attachment- size-\" alt=\"Veille en Transformation Digitale\" srcset=\"https:\/\/veilles.nunyalab.tg\/wp-content\/uploads\/2023\/05\/pp.jpg 608w, https:\/\/veilles.nunyalab.tg\/wp-content\/uploads\/2023\/05\/pp-300x300.jpg 300w, https:\/\/veilles.nunyalab.tg\/wp-content\/uploads\/2023\/05\/pp-150x150.jpg 150w\" sizes=\"auto, (max-width: 608px) 100vw, 608px\" \/>                                \n                            <\/div>\n                        <\/div>\n\n                        \n                <\/div>\n            \n            <div class=\"bdt-member-content\">\n                                    <span class=\"bdt-member-name\">Veille en Transformation Digitale<\/span>\n                                                    <span class=\"bdt-member-role\">Moussa NASSAKOU<\/span>\n                                            <\/div>\n\n                            <div class=\"bdt-member-icons\">\n                    \n                        \n                        <a href=\"https:\/\/www.linkedin.com\/in\/moussa-nassakou-alpha-321663228\/\"\n                           class=\"bdt-member-icon elementor-repeater-item-4391b1c\"\n                           target=\"_blank\" data-bdt-tooltip=\"\">\n\n                            <i aria-hidden=\"true\" class=\"fa-fw fab fa-linkedin-in\"><\/i>\n                        <\/a>\n\n                                    <\/div>\n            \n        <\/div>\n        \t\t<\/div>\n\t\t\t\t<\/div>\n\t\t\t\t\t<\/div>\n\t\t<\/div>\n\t\t\t\t\t\t\t<\/div>\n\t\t<\/div>\n\t\t\t\t\t<\/div>\n\t\t<\/div>\n\t\t\t\t\t\t\t<\/div>\n\t\t<\/div>\n\t\t\t\t<section class=\"elementor-section elementor-top-section elementor-element elementor-element-26c47ae elementor-section-content-middle elementor-hidden-desktop elementor-hidden-tablet elementor-hidden-mobile elementor-section-boxed elementor-section-height-default elementor-section-height-default\" data-id=\"26c47ae\" data-element_type=\"section\">\n\t\t\t\t\t\t<div class=\"elementor-container elementor-column-gap-default\">\n\t\t\t\t\t<div class=\"elementor-column elementor-col-100 elementor-top-column elementor-element elementor-element-fe23a3f\" data-id=\"fe23a3f\" data-element_type=\"column\">\n\t\t\t<div class=\"elementor-widget-wrap elementor-element-populated\">\n\t\t\t\t\t\t\t\t<div class=\"elementor-element elementor-element-967da71 elementor-widget elementor-widget-image\" data-id=\"967da71\" data-element_type=\"widget\" data-widget_type=\"image.default\">\n\t\t\t\t<div class=\"elementor-widget-container\">\n\t\t\t<style>\/*! elementor - v3.13.2 - 11-05-2023 *\/\n.elementor-widget-image{text-align:center}.elementor-widget-image a{display:inline-block}.elementor-widget-image a img[src$=\".svg\"]{width:48px}.elementor-widget-image img{vertical-align:middle;display:inline-block}<\/style>\t\t\t\t\t\t\t\t\t\t\t\t<img loading=\"lazy\" decoding=\"async\" width=\"1000\" height=\"140\" src=\"https:\/\/veilles.nunyalab.tg\/wp-content\/uploads\/2023\/05\/Partenaire_LOGO-1024x143.png\" class=\"attachment-large size-large wp-image-173\" alt=\"\" srcset=\"https:\/\/veilles.nunyalab.tg\/wp-content\/uploads\/2023\/05\/Partenaire_LOGO-1024x143.png 1024w, https:\/\/veilles.nunyalab.tg\/wp-content\/uploads\/2023\/05\/Partenaire_LOGO-300x42.png 300w, https:\/\/veilles.nunyalab.tg\/wp-content\/uploads\/2023\/05\/Partenaire_LOGO-768x107.png 768w, https:\/\/veilles.nunyalab.tg\/wp-content\/uploads\/2023\/05\/Partenaire_LOGO-1536x214.png 1536w, https:\/\/veilles.nunyalab.tg\/wp-content\/uploads\/2023\/05\/Partenaire_LOGO-2048x285.png 2048w, https:\/\/veilles.nunyalab.tg\/wp-content\/uploads\/2023\/05\/Partenaire_LOGO-650x91.png 650w\" sizes=\"auto, (max-width: 1000px) 100vw, 1000px\" \/>\t\t\t\t\t\t\t\t\t\t\t\t\t\t\t<\/div>\n\t\t\t\t<\/div>\n\t\t\t\t\t<\/div>\n\t\t<\/div>\n\t\t\t\t\t\t\t<\/div>\n\t\t<\/section>\n\t\t\t\t<section class=\"elementor-section elementor-top-section elementor-element elementor-element-f3b3e2d elementor-section-content-middle elementor-section-boxed elementor-section-height-default elementor-section-height-default\" data-id=\"f3b3e2d\" data-element_type=\"section\" data-settings=\"{&quot;background_background&quot;:&quot;classic&quot;}\">\n\t\t\t\t\t\t\t<div class=\"elementor-background-overlay\"><\/div>\n\t\t\t\t\t\t\t<div class=\"elementor-container elementor-column-gap-default\">\n\t\t\t\t\t<div class=\"elementor-column elementor-col-50 elementor-top-column elementor-element elementor-element-0d9b491\" data-id=\"0d9b491\" data-element_type=\"column\">\n\t\t\t<div class=\"elementor-widget-wrap elementor-element-populated\">\n\t\t\t\t\t\t\t\t<div class=\"elementor-element elementor-element-f25d85a animated-fast elementor-widget__width-initial elementor-widget-mobile__width-initial ui-e-a-animate elementor-invisible elementor-widget elementor-widget-highlighted-text\" data-id=\"f25d85a\" data-element_type=\"widget\" data-settings=\"{&quot;_animation&quot;:&quot;fadeInUp&quot;,&quot;_animation_delay&quot;:100}\" data-widget_type=\"highlighted-text.default\">\n\t\t\t\t<div class=\"elementor-widget-container\">\n\t\t\t\t\t<h1 class=\"ui-e--highlighted-text\" >\r\n        <span class=\"ui-e-headline-text\">F\u00e9d\u00e9rer les g\u00e9nies pour innover<\/span>        <\/h1>\r\n        \t\t<\/div>\n\t\t\t\t<\/div>\n\t\t\t\t<div class=\"elementor-element elementor-element-bdd9728 animated-fast elementor-widget__width-initial elementor-invisible elementor-widget elementor-widget-text-editor\" data-id=\"bdd9728\" data-element_type=\"widget\" data-settings=\"{&quot;_animation&quot;:&quot;fadeInUp&quot;,&quot;_animation_delay&quot;:200}\" data-widget_type=\"text-editor.default\">\n\t\t\t\t<div class=\"elementor-widget-container\">\n\t\t\t<style>\/*! elementor - v3.13.2 - 11-05-2023 *\/\n.elementor-widget-text-editor.elementor-drop-cap-view-stacked .elementor-drop-cap{background-color:#69727d;color:#fff}.elementor-widget-text-editor.elementor-drop-cap-view-framed .elementor-drop-cap{color:#69727d;border:3px solid;background-color:transparent}.elementor-widget-text-editor:not(.elementor-drop-cap-view-default) .elementor-drop-cap{margin-top:8px}.elementor-widget-text-editor:not(.elementor-drop-cap-view-default) .elementor-drop-cap-letter{width:1em;height:1em}.elementor-widget-text-editor .elementor-drop-cap{float:left;text-align:center;line-height:1;font-size:50px}.elementor-widget-text-editor .elementor-drop-cap-letter{display:inline-block}<\/style>\t\t\t\t<p style=\"margin: 0cm; margin-bottom: .0001pt; background: white;\"><span style=\"font-family: Roboto; color: #808489;\">Structure d\u2019accompagnement \u00e0 l\u2019entrepreneuriat innovant et Hub de cr\u00e9ativit\u00e9, l\u2019incubateur NUNYA LAB a pour mission de participer au d\u00e9veloppement inclusif par l\u2019entrepreneuriat de croissance, base de cr\u00e9ation d\u2019emplois et de distribution de richesses.<\/span><\/p>\t\t\t\t\t\t<\/div>\n\t\t\t\t<\/div>\n\t\t\t\t<div class=\"elementor-element elementor-element-c33c485 elementor-widget elementor-widget-spacer\" data-id=\"c33c485\" data-element_type=\"widget\" data-widget_type=\"spacer.default\">\n\t\t\t\t<div class=\"elementor-widget-container\">\n\t\t\t<style>\/*! elementor - v3.13.2 - 11-05-2023 *\/\n.elementor-column .elementor-spacer-inner{height:var(--spacer-size)}.e-con{--container-widget-width:100%}.e-con-inner>.elementor-widget-spacer,.e-con>.elementor-widget-spacer{width:var(--container-widget-width,var(--spacer-size));--align-self:var(--container-widget-align-self,initial);--flex-shrink:0}.e-con-inner>.elementor-widget-spacer>.elementor-widget-container,.e-con-inner>.elementor-widget-spacer>.elementor-widget-container>.elementor-spacer,.e-con>.elementor-widget-spacer>.elementor-widget-container,.e-con>.elementor-widget-spacer>.elementor-widget-container>.elementor-spacer{height:100%}.e-con-inner>.elementor-widget-spacer>.elementor-widget-container>.elementor-spacer>.elementor-spacer-inner,.e-con>.elementor-widget-spacer>.elementor-widget-container>.elementor-spacer>.elementor-spacer-inner{height:var(--container-widget-height,var(--spacer-size))}<\/style>\t\t<div class=\"elementor-spacer\">\n\t\t\t<div class=\"elementor-spacer-inner\"><\/div>\n\t\t<\/div>\n\t\t\t\t<\/div>\n\t\t\t\t<\/div>\n\t\t\t\t\t<\/div>\n\t\t<\/div>\n\t\t\t\t<div class=\"elementor-column elementor-col-50 elementor-top-column elementor-element elementor-element-0f9303c\" data-id=\"0f9303c\" data-element_type=\"column\">\n\t\t\t<div class=\"elementor-widget-wrap elementor-element-populated\">\n\t\t\t\t\t\t\t\t<div class=\"elementor-element elementor-element-50818b1 elementor-invisible elementor-widget elementor-widget-image\" data-id=\"50818b1\" data-element_type=\"widget\" data-settings=\"{&quot;_animation&quot;:&quot;fadeIn&quot;}\" data-widget_type=\"image.default\">\n\t\t\t\t<div class=\"elementor-widget-container\">\n\t\t\t\t\t\t\t\t\t\t\t\t\t\t\t<img loading=\"lazy\" decoding=\"async\" width=\"846\" height=\"822\" src=\"https:\/\/veilles.nunyalab.tg\/wp-content\/uploads\/2023\/05\/Slide_FM.png\" class=\"attachment-full size-full wp-image-244\" alt=\"\" srcset=\"https:\/\/veilles.nunyalab.tg\/wp-content\/uploads\/2023\/05\/Slide_FM.png 846w, https:\/\/veilles.nunyalab.tg\/wp-content\/uploads\/2023\/05\/Slide_FM-300x291.png 300w, https:\/\/veilles.nunyalab.tg\/wp-content\/uploads\/2023\/05\/Slide_FM-768x746.png 768w, https:\/\/veilles.nunyalab.tg\/wp-content\/uploads\/2023\/05\/Slide_FM-650x632.png 650w\" sizes=\"auto, (max-width: 846px) 100vw, 846px\" \/>\t\t\t\t\t\t\t\t\t\t\t\t\t\t\t<\/div>\n\t\t\t\t<\/div>\n\t\t\t\t\t<\/div>\n\t\t<\/div>\n\t\t\t\t\t\t\t<\/div>\n\t\t<\/section>\n\t\t\t\t\t\t\t<\/div>\n\t\t","protected":false},"excerpt":{"rendered":"<p>Prenez rendez vous Veille Juridique Nadia ANWONE Veille Fiscale &amp; Comptable Rosine DAIDE Veille en Branding et Communication Amaltcheero JC Veille en [&hellip;]<\/p>\n","protected":false},"author":1,"featured_media":0,"parent":0,"menu_order":0,"comment_status":"closed","ping_status":"closed","template":"","meta":{"footnotes":""},"class_list":["post-27","page","type-page","status-publish","hentry"],"_links":{"self":[{"href":"https:\/\/veilles.nunyalab.tg\/index.php?rest_route=\/wp\/v2\/pages\/27","targetHints":{"allow":["GET"]}}],"collection":[{"href":"https:\/\/veilles.nunyalab.tg\/index.php?rest_route=\/wp\/v2\/pages"}],"about":[{"href":"https:\/\/veilles.nunyalab.tg\/index.php?rest_route=\/wp\/v2\/types\/page"}],"author":[{"embeddable":true,"href":"https:\/\/veilles.nunyalab.tg\/index.php?rest_route=\/wp\/v2\/users\/1"}],"replies":[{"embeddable":true,"href":"https:\/\/veilles.nunyalab.tg\/index.php?rest_route=%2Fwp%2Fv2%2Fcomments&post=27"}],"version-history":[{"count":70,"href":"https:\/\/veilles.nunyalab.tg\/index.php?rest_route=\/wp\/v2\/pages\/27\/revisions"}],"predecessor-version":[{"id":655,"href":"https:\/\/veilles.nunyalab.tg\/index.php?rest_route=\/wp\/v2\/pages\/27\/revisions\/655"}],"wp:attachment":[{"href":"https:\/\/veilles.nunyalab.tg\/index.php?rest_route=%2Fwp%2Fv2%2Fmedia&parent=27"}],"curies":[{"name":"wp","href":"https:\/\/api.w.org\/{rel}","templated":true}]}}